{"id":2070,"date":"2025-07-09T09:09:01","date_gmt":"2025-07-09T09:09:01","guid":{"rendered":"https:\/\/sansebastiancookingclasses.com\/product\/clase-de-cocinq-vasca-en-san-sebastian-visita-del-mercado-clase-practica\/"},"modified":"2026-02-27T09:24:50","modified_gmt":"2026-02-27T08:24:50","slug":"clase-de-cocina-vasca-en-san-sebastian-visita-del-mercado-clase-practica","status":"publish","type":"product","link":"https:\/\/sansebastiancookingclasses.com\/es\/producto\/clase-de-cocina-vasca-en-san-sebastian-visita-del-mercado-clase-practica\/","title":{"rendered":"Clase de cocina vasca en San Sebastian: Visita del mercado + Clase pr\u00e1ctica"},"content":{"rendered":"<p>Si buscas una experiencia gastron\u00f3mica vasca aut\u00e9ntica, amena, pr\u00e1ctica y que no te lleve todo el d\u00eda, esta es la opci\u00f3n perfecta.<br \/>\nTanto si est\u00e1s de visita un fin de semana como si solo est\u00e1s de paso, esta clase de cocina en San Sebasti\u00e1n te dar\u00e1 una idea real de nuestra cultura, bocado a bocado.<\/p>\n<p>\u00bfBuscas una clase de cocina en San Sebasti\u00e1n, aut\u00e9ntica y apta para todo el mundo?<br \/>\nEsta experiencia de cocina vasca es la mezcla perfecta de visita al mercado, aprendizaje pr\u00e1ctico y degustaci\u00f3n de comida local, todo en solo 3,5 horas y en pleno centro de la ciudad.<br \/>\n<strong><br \/>\n\u2705 Qu\u00e9 incluye esta experiencia gastron\u00f3mica:<\/strong><br \/>\n\ud83e\udd55 Visita al mercado local<br \/>\nComienza tu experiencia como un aut\u00e9ntico local. Visitaremos el mercado tradicional de San Sebasti\u00e1n, aprenderemos sobre los ingredientes vascos de temporada y descubriremos los secretos de nuestra cocina.<br \/>\n\ud83c\udf73 Clase de cocina vasca pr\u00e1ctica<br \/>\nDe vuelta en la cocina, cocinar\u00e1s un<strong> men\u00fa<\/strong> vasco completo con nuestros chefs locales:<\/p>\n<p><em>Tortilla de patatas\u00a0<\/em><br \/>\n<em>Bacalao al pil-pil\u00a0<\/em><br \/>\n<em>Txuleta\u00a0<\/em><br \/>\n<em>Tarta de queso vasca\u00a0<\/em><\/p>\n<p>\ud83c\udf77 Comida al estilo de una sidrer\u00eda<br \/>\nDespu\u00e9s de cocinar, si\u00e9ntate y disfruta de lo que has preparado, como en una sidrer\u00eda vasca tradicional. Brindar\u00e1s con txakoli, sidra, cerveza local o agua, \u00a1t\u00fa eliges!<\/p>\n<p>\u00bfPor qu\u00e9 esta clase de cocina en San Sebasti\u00e1n?<\/p>\n<p>Experiencia 3 en 1: visita al mercado, clase de cocina y comida vasca<br \/>\nGrupos peque\u00f1os (m\u00e1x. 8 personas)<br \/>\nIdeal para parejas, viajeros en solitario, foodies y amigos<br \/>\nRecetas enviadas a tu correo electr\u00f3nico<br \/>\nSituado en el centro de la ciudad, f\u00e1cil de llegar<br \/>\nSe imparte en ingl\u00e9s y espa\u00f1ol<\/p>\n<p>REQUERIMOS UN N\u00daMERO M\u00cdNIMO DE 4 PERSONAS PARA LLEVAR A CABO LA CLASE. SI NO SE ALCANZA EL N\u00daMERO, NOS PONDREMOS EN CONTACTO CONTIGO CON AL MENOS 48 HORAS DE ANTELACI\u00d3N PARA OFRECERTE ALTERNATIVAS.<\/p>\n","protected":false},"excerpt":{"rendered":"<p style=\"text-align: center;\" data-start=\"147\" data-end=\"390\"><strong data-start=\"147\" data-end=\"390\">Ap\u00fantate a nuestra clase de cocina vasca de 3,5 horas en San Sebasti\u00e1n, que incluye una visita al mercado local, una clase pr\u00e1ctica y una comida tradicional con txakoli, sidra, cerveza o agua. Una experiencia culinaria divertida y aut\u00e9ntica en el coraz\u00f3n del Pa\u00eds Vasco.<\/strong><\/p>\n<p data-start=\"147\" data-end=\"390\">\ud83d\udd52 Duraci\u00f3n: 3,5 horas<br \/>\n\ud83d\udc65 Tama\u00f1o del grupo: M\u00e1x. 8 personas<br \/>\n\ud83d\udc76 Edad m\u00ednima: 14 a\u00f1os (con un adulto)<br \/>\n\ud83d\udccd Ubicaci\u00f3n: Centro de San Sebasti\u00e1n, detalles despu\u00e9s de la reserva<\/p>\n<p><strong>Men\u00fa<\/strong><\/p>\n<p><em>Tortilla de patatas (tortilla espa\u00f1ola)<\/em><br \/>\n<em>Bacalao al pil-pil (bacalao con salsa de ajo)<\/em><br \/>\n<em>Txuleta (chuleta a la parrilla con hueso)<\/em><br \/>\n<em>Tarta de queso estilo vasco<\/em><\/p>\n","protected":false},"featured_media":2058,"comment_status":"open","ping_status":"closed","template":"","meta":{"om_disable_all_campaigns":false,"_uag_custom_page_level_css":"","_monsterinsights_skip_tracking":false,"_monsterinsights_sitenote_active":false,"_monsterinsights_sitenote_note":"","_monsterinsights_sitenote_category":0},"product_brand":[],"product_cat":[34,33],"product_tag":[],"class_list":{"0":"post-2070","1":"product","2":"type-product","3":"status-publish","4":"has-post-thumbnail","6":"product_cat-clases-de-cocina","7":"product_cat-sin-categoria","9":"first","10":"instock","11":"virtual","12":"taxable","13":"purchasable","14":"product-type-appointment"},"exclude_global_add_ons":[],"addons":[],"aioseo_notices":[],"uagb_featured_image_src":{"full":["https:\/\/sansebastiancookingclasses.com\/wp-content\/uploads\/2025\/07\/IMG_5995-scaled.jpg",2560,1920,false],"thumbnail":["https:\/\/sansebastiancookingclasses.com\/wp-content\/uploads\/2025\/07\/IMG_5995-scaled.jpg",150,113,false],"medium":["https:\/\/sansebastiancookingclasses.com\/wp-content\/uploads\/2025\/07\/IMG_5995-scaled.jpg",300,225,false],"medium_large":["https:\/\/sansebastiancookingclasses.com\/wp-content\/uploads\/2025\/07\/IMG_5995-scaled.jpg",768,576,false],"large":["https:\/\/sansebastiancookingclasses.com\/wp-content\/uploads\/2025\/07\/IMG_5995-scaled.jpg",950,713,false],"1536x1536":["https:\/\/sansebastiancookingclasses.com\/wp-content\/uploads\/2025\/07\/IMG_5995-scaled-1536x1152.jpg",1536,1152,true],"2048x2048":["https:\/\/sansebastiancookingclasses.com\/wp-content\/uploads\/2025\/07\/IMG_5995-scaled-2048x1536.jpg",2048,1536,true],"inspiro-featured-image":["https:\/\/sansebastiancookingclasses.com\/wp-content\/uploads\/2025\/07\/IMG_5995-scaled-2000x1500.jpg",2000,1500,true],"inspiro-loop":["https:\/\/sansebastiancookingclasses.com\/wp-content\/uploads\/2025\/07\/IMG_5995-scaled-950x320.jpg",950,320,true],"inspiro-loop@2x":["https:\/\/sansebastiancookingclasses.com\/wp-content\/uploads\/2025\/07\/IMG_5995-scaled-1900x640.jpg",1900,640,true],"woocommerce_thumbnail":["https:\/\/sansebastiancookingclasses.com\/wp-content\/uploads\/2025\/07\/IMG_5995-scaled-300x200.jpg",300,200,true],"woocommerce_single":["https:\/\/sansebastiancookingclasses.com\/wp-content\/uploads\/2025\/07\/IMG_5995-scaled-600x450.jpg",600,450,true],"woocommerce_gallery_thumbnail":["https:\/\/sansebastiancookingclasses.com\/wp-content\/uploads\/2025\/07\/IMG_5995-scaled-100x100.jpg",100,100,true]},"uagb_author_info":{"display_name":"Lara Ibiricu","author_link":"https:\/\/sansebastiancookingclasses.com\/es\/author\/"},"uagb_comment_info":0,"uagb_excerpt":"Ap\u00fantate a nuestra clase de cocina vasca de 3,5 horas en San Sebasti\u00e1n, que incluye una visita al mercado local, una clase pr\u00e1ctica y una comida tradicional con txakoli, sidra, cerveza o agua. Una experiencia culinaria divertida y aut\u00e9ntica en el coraz\u00f3n del Pa\u00eds Vasco. \ud83d\udd52 Duraci\u00f3n: 3,5 horas \ud83d\udc65 Tama\u00f1o del grupo: M\u00e1x. 8&hellip;","_links":{"self":[{"href":"https:\/\/sansebastiancookingclasses.com\/es\/wp-json\/wp\/v2\/product\/2070","targetHints":{"allow":["GET"]}}],"collection":[{"href":"https:\/\/sansebastiancookingclasses.com\/es\/wp-json\/wp\/v2\/product"}],"about":[{"href":"https:\/\/sansebastiancookingclasses.com\/es\/wp-json\/wp\/v2\/types\/product"}],"replies":[{"embeddable":true,"href":"https:\/\/sansebastiancookingclasses.com\/es\/wp-json\/wp\/v2\/comments?post=2070"}],"wp:featuredmedia":[{"embeddable":true,"href":"https:\/\/sansebastiancookingclasses.com\/es\/wp-json\/wp\/v2\/media\/2058"}],"wp:attachment":[{"href":"https:\/\/sansebastiancookingclasses.com\/es\/wp-json\/wp\/v2\/media?parent=2070"}],"wp:term":[{"taxonomy":"product_brand","embeddable":true,"href":"https:\/\/sansebastiancookingclasses.com\/es\/wp-json\/wp\/v2\/product_brand?post=2070"},{"taxonomy":"product_cat","embeddable":true,"href":"https:\/\/sansebastiancookingclasses.com\/es\/wp-json\/wp\/v2\/product_cat?post=2070"},{"taxonomy":"product_tag","embeddable":true,"href":"https:\/\/sansebastiancookingclasses.com\/es\/wp-json\/wp\/v2\/product_tag?post=2070"}],"curies":[{"name":"wp","href":"https:\/\/api.w.org\/{rel}","templated":true}]}}