{"id":2257,"date":"2025-07-11T12:35:20","date_gmt":"2025-07-11T10:35:20","guid":{"rendered":"https:\/\/sansebastiancookingclasses.com\/condiciones-de-reserva\/"},"modified":"2026-02-27T08:50:56","modified_gmt":"2026-02-27T07:50:56","slug":"condiciones-de-reserva","status":"publish","type":"page","link":"https:\/\/sansebastiancookingclasses.com\/es\/condiciones-de-reserva\/","title":{"rendered":"Condiciones de reserva"},"content":{"rendered":"\n<p><b>Pol\u00edtica de reservas y cancelaciones<br\/><\/b><\/p>\n\n<p>NECESITAMOS UN M\u00cdNIMO DE 4 PERSONAS PARA REALIZAR LAS CLASES DE COCINA. SI NO SE ALCANZA EL N\u00daMERO, TE CONTACTAREMOS CON AL MENOS 48 HORAS DE ANTELACI\u00d3N PARA INFORMARTE SOBRE DIFERENTES ALTERNATIVAS<\/p>\n\n<p>Todas las reservas deben <strong>pagarse por adelantado<\/strong> para confirmar tu participaci\u00f3n. Trabajamos con grupos reducidos y plazas limitadas, as\u00ed que esto nos ayuda a gestionar la disponibilidad y garantizar la mejor experiencia para todos. <\/p>\n\n<p>Entendemos que a veces los planes pueden cambiar. Por eso hemos dise\u00f1ado una pol\u00edtica de cancelaciones y cambios que ofrece flexibilidad, al tiempo que nos permite prepararnos adecuadamente para cada evento. <\/p>\n\n<p>TODAS LAS CANCELACIONES O MODIFICACIONES DEBEN NOTIFICARSE POR CORREO ELECTR\u00d3NICO a info@sansebastiancookingclasses.com. Ofrecemos opciones flexibles bajo los siguientes t\u00e9rminos: <\/p>\n\n<p><strong>Cancelaciones realizadas con m\u00e1s de 2 semanas de antelaci\u00f3n a la experiencia:<\/strong><\/p>\n\n<ul class=\"wp-block-list\">\n<li>Recibir\u00e1s un <strong>reembolso completo<\/strong>, sin preguntas.<\/li>\n\n\n\n<li>Si prefieres no cancelar, podemos ofrecerte un <strong>cambio de fecha<\/strong> (sujeto a disponibilidad) o un <strong>bono sin caducidad<\/strong> por el importe total pagado, que podr\u00e1s usar para cualquiera de nuestras futuras experiencias.<\/li>\n<\/ul>\n\n<p><strong>Cancelaciones realizadas entre 2 semanas y 48 horas antes de la experiencia:<\/strong><\/p>\n\n<ul class=\"wp-block-list\">\n<li>En este caso, se aplicar\u00e1 una <strong>tarifa de cancelaci\u00f3n del 30%<\/strong>.<\/li>\n\n\n\n<li>Aun as\u00ed, queremos que disfrutes de nuestras experiencias cuando sea posible, as\u00ed que estaremos encantados de ofrecerte un <strong>cambio de fecha<\/strong> (seg\u00fan disponibilidad) o un <strong>bono por el importe total<\/strong> pagado.<\/li>\n<\/ul>\n\n<p><strong>Cancelaciones realizadas con menos de 48 horas de antelaci\u00f3n a la experiencia:<\/strong><\/p>\n\n<ul class=\"wp-block-list\">\n<li>Debido al corto plazo, no podemos ofrecer reembolsos, cambios de fecha ni bonos en esta etapa. Para entonces, los materiales ya est\u00e1n preparados y nuestro equipo est\u00e1 completamente programado, por lo que no son posibles cambios de \u00faltima hora. <\/li>\n<\/ul>\n\n<p><\/p>\n","protected":false},"excerpt":{"rendered":"<p>Pol\u00edtica de reservas y cancelaciones NECESITAMOS UN M\u00cdNIMO DE 4 PERSONAS PARA REALIZAR LAS CLASES DE COCINA. SI NO SE ALCANZA EL N\u00daMERO, TE CONTACTAREMOS CON AL MENOS 48 HORAS DE ANTELACI\u00d3N PARA INFORMARTE SOBRE DIFERENTES ALTERNATIVAS Todas las reservas deben pagarse por adelantado para confirmar tu participaci\u00f3n. Trabajamos con grupos reducidos y plazas limitadas, &hellip; <\/p>\n<p class=\"link-more\"><a href=\"https:\/\/sansebastiancookingclasses.com\/es\/condiciones-de-reserva\/\" class=\"more-link\">Leer m\u00e1s<span class=\"screen-reader-text\"> \u00abCondiciones de reserva\u00bb<\/span><\/a><\/p>\n","protected":false},"author":1,"featured_media":0,"parent":0,"menu_order":0,"comment_status":"closed","ping_status":"closed","template":"","meta":{"om_disable_all_campaigns":false,"_uag_custom_page_level_css":"","_monsterinsights_skip_tracking":false,"_monsterinsights_sitenote_active":false,"_monsterinsights_sitenote_note":"","_monsterinsights_sitenote_category":0,"footnotes":""},"class_list":["post-2257","page","type-page","status-publish","hentry"],"aioseo_notices":[],"uagb_featured_image_src":{"full":false,"thumbnail":false,"medium":false,"medium_large":false,"large":false,"1536x1536":false,"2048x2048":false,"inspiro-featured-image":false,"inspiro-loop":false,"inspiro-loop@2x":false,"woocommerce_thumbnail":false,"woocommerce_single":false,"woocommerce_gallery_thumbnail":false},"uagb_author_info":{"display_name":"Lara Ibiricu","author_link":"https:\/\/sansebastiancookingclasses.com\/es\/author\/infomimo-eus\/"},"uagb_comment_info":0,"uagb_excerpt":"Pol\u00edtica de reservas y cancelaciones NECESITAMOS UN M\u00cdNIMO DE 4 PERSONAS PARA REALIZAR LAS CLASES DE COCINA. SI NO SE ALCANZA EL N\u00daMERO, TE CONTACTAREMOS CON AL MENOS 48 HORAS DE ANTELACI\u00d3N PARA INFORMARTE SOBRE DIFERENTES ALTERNATIVAS Todas las reservas deben pagarse por adelantado para confirmar tu participaci\u00f3n. Trabajamos con grupos reducidos y plazas limitadas,&hellip;","_links":{"self":[{"href":"https:\/\/sansebastiancookingclasses.com\/es\/wp-json\/wp\/v2\/pages\/2257","targetHints":{"allow":["GET"]}}],"collection":[{"href":"https:\/\/sansebastiancookingclasses.com\/es\/wp-json\/wp\/v2\/pages"}],"about":[{"href":"https:\/\/sansebastiancookingclasses.com\/es\/wp-json\/wp\/v2\/types\/page"}],"author":[{"embeddable":true,"href":"https:\/\/sansebastiancookingclasses.com\/es\/wp-json\/wp\/v2\/users\/1"}],"replies":[{"embeddable":true,"href":"https:\/\/sansebastiancookingclasses.com\/es\/wp-json\/wp\/v2\/comments?post=2257"}],"version-history":[{"count":1,"href":"https:\/\/sansebastiancookingclasses.com\/es\/wp-json\/wp\/v2\/pages\/2257\/revisions"}],"predecessor-version":[{"id":2258,"href":"https:\/\/sansebastiancookingclasses.com\/es\/wp-json\/wp\/v2\/pages\/2257\/revisions\/2258"}],"wp:attachment":[{"href":"https:\/\/sansebastiancookingclasses.com\/es\/wp-json\/wp\/v2\/media?parent=2257"}],"curies":[{"name":"wp","href":"https:\/\/api.w.org\/{rel}","templated":true}]}}