{"id":2074,"date":"2025-07-09T09:07:13","date_gmt":"2025-07-09T07:07:13","guid":{"rendered":"https:\/\/sansebastiancookingclasses.com\/politica-de-privacidad\/"},"modified":"2026-02-27T08:50:33","modified_gmt":"2026-02-27T07:50:33","slug":"politica-de-privacidad","status":"publish","type":"page","link":"https:\/\/sansebastiancookingclasses.com\/es\/politica-de-privacidad\/","title":{"rendered":"Pol\u00edtica de privacidad"},"content":{"rendered":"\n<p><strong>P&amp;E CULINARY EXPERIENCE SL<\/strong><br\/>CL OKENDO, 1 BJ<br\/>20004 Donostia San Sebasti\u00e1n (Gipuzkoa) ESPA\u00d1A<\/p>\n\n<p>Antes de utilizar nuestros servicios o navegar por estas p\u00e1ginas, lee atentamente el siguiente aviso legal. Al continuar utilizando nuestros servicios o visitar estas p\u00e1ginas, est\u00e1s aceptando impl\u00edcitamente los t\u00e9rminos de este aviso legal.<\/p>\n\n<p>P&amp;E CULINARY EXPERIENCE SL no se responsabiliza de ning\u00fan uso indebido de la informaci\u00f3n o el contenido de sus p\u00e1ginas web por parte de los usuarios de Internet. La responsabilidad recae exclusivamente en la persona que acceda o utilice estas p\u00e1ginas. Los derechos de propiedad intelectual del contenido de estas p\u00e1ginas web, incluyendo el dise\u00f1o gr\u00e1fico y el c\u00f3digo fuente, son propiedad exclusiva de P&amp;E CULINARY EXPERIENCE SL.<\/p>\n\n<p>Queda estrictamente prohibida la reproducci\u00f3n, distribuci\u00f3n, comunicaci\u00f3n p\u00fablica o transformaci\u00f3n de cualquier contenido, excepto para uso personal y privado. Todas las marcas, nombres comerciales o signos distintivos de cualquier tipo contenidos en las p\u00e1ginas web est\u00e1n protegidos por la ley.<\/p>\n\n<p>El nombre de dominio <a class=\"\" href=\"http:\/\/www.mimo.eus\">www<\/a>sansebastiancookingclasses.com est\u00e1 registrado a nombre de P&amp;E CULINARY EXPERIENCE SL, con n\u00famero de identificaci\u00f3n fiscal (NIF) B02697506. El domicilio social de P&amp;E CULINARY EXPERIENCE SL, a efectos del presente aviso legal, se encuentra en:<br\/>CL OKENDO, 1 BJ<br\/>20004 Donostia San Sebasti\u00e1n (Gipuzkoa) ESPA\u00d1A.<br\/>Puedes ponerte en contacto con nosotros por correo electr\u00f3nico en: info@sansebastiancookingclasses.com <\/p>\n\n<p><strong>Comunicaciones comerciales por correo electr\u00f3nico:<\/strong><br\/>Las \u00fanicas comunicaciones comerciales enviadas por correo electr\u00f3nico ser\u00e1n aquellas que hayan sido expresamente consentidas o autorizadas por los destinatarios, de acuerdo con la Ley 34\/2002, de 11 de julio, de Servicios de la Sociedad de la Informaci\u00f3n y de Comercio Electr\u00f3nico.<\/p>\n\n<p><\/p>\n","protected":false},"excerpt":{"rendered":"<p>P&amp;E CULINARY EXPERIENCE SLCL OKENDO, 1 BJ20004 Donostia San Sebasti\u00e1n (Gipuzkoa) ESPA\u00d1A Antes de utilizar nuestros servicios o navegar por estas p\u00e1ginas, lee atentamente el siguiente aviso legal. Al continuar utilizando nuestros servicios o visitar estas p\u00e1ginas, est\u00e1s aceptando impl\u00edcitamente los t\u00e9rminos de este aviso legal. P&amp;E CULINARY EXPERIENCE SL no se responsabiliza de ning\u00fan &hellip; <\/p>\n<p class=\"link-more\"><a href=\"https:\/\/sansebastiancookingclasses.com\/es\/politica-de-privacidad\/\" class=\"more-link\">Leer m\u00e1s<span class=\"screen-reader-text\"> \u00abPol\u00edtica de privacidad\u00bb<\/span><\/a><\/p>\n","protected":false},"author":1,"featured_media":0,"parent":0,"menu_order":0,"comment_status":"closed","ping_status":"open","template":"","meta":{"om_disable_all_campaigns":false,"_uag_custom_page_level_css":"","_monsterinsights_skip_tracking":false,"_monsterinsights_sitenote_active":false,"_monsterinsights_sitenote_note":"","_monsterinsights_sitenote_category":0,"footnotes":""},"class_list":["post-2074","page","type-page","status-publish","hentry"],"aioseo_notices":[],"uagb_featured_image_src":{"full":false,"thumbnail":false,"medium":false,"medium_large":false,"large":false,"1536x1536":false,"2048x2048":false,"inspiro-featured-image":false,"inspiro-loop":false,"inspiro-loop@2x":false,"woocommerce_thumbnail":false,"woocommerce_single":false,"woocommerce_gallery_thumbnail":false},"uagb_author_info":{"display_name":"Lara Ibiricu","author_link":"https:\/\/sansebastiancookingclasses.com\/es\/author\/infomimo-eus\/"},"uagb_comment_info":0,"uagb_excerpt":"P&amp;E CULINARY EXPERIENCE SLCL OKENDO, 1 BJ20004 Donostia San Sebasti\u00e1n (Gipuzkoa) ESPA\u00d1A Antes de utilizar nuestros servicios o navegar por estas p\u00e1ginas, lee atentamente el siguiente aviso legal. Al continuar utilizando nuestros servicios o visitar estas p\u00e1ginas, est\u00e1s aceptando impl\u00edcitamente los t\u00e9rminos de este aviso legal. P&amp;E CULINARY EXPERIENCE SL no se responsabiliza de ning\u00fan&hellip;","_links":{"self":[{"href":"https:\/\/sansebastiancookingclasses.com\/es\/wp-json\/wp\/v2\/pages\/2074","targetHints":{"allow":["GET"]}}],"collection":[{"href":"https:\/\/sansebastiancookingclasses.com\/es\/wp-json\/wp\/v2\/pages"}],"about":[{"href":"https:\/\/sansebastiancookingclasses.com\/es\/wp-json\/wp\/v2\/types\/page"}],"author":[{"embeddable":true,"href":"https:\/\/sansebastiancookingclasses.com\/es\/wp-json\/wp\/v2\/users\/1"}],"replies":[{"embeddable":true,"href":"https:\/\/sansebastiancookingclasses.com\/es\/wp-json\/wp\/v2\/comments?post=2074"}],"version-history":[{"count":2,"href":"https:\/\/sansebastiancookingclasses.com\/es\/wp-json\/wp\/v2\/pages\/2074\/revisions"}],"predecessor-version":[{"id":2247,"href":"https:\/\/sansebastiancookingclasses.com\/es\/wp-json\/wp\/v2\/pages\/2074\/revisions\/2247"}],"wp:attachment":[{"href":"https:\/\/sansebastiancookingclasses.com\/es\/wp-json\/wp\/v2\/media?parent=2074"}],"curies":[{"name":"wp","href":"https:\/\/api.w.org\/{rel}","templated":true}]}}