{"id":2072,"date":"2025-07-11T13:12:19","date_gmt":"2025-07-11T11:12:19","guid":{"rendered":"https:\/\/sansebastiancookingclasses.com\/preguntas-frecuentes\/"},"modified":"2025-10-07T17:17:19","modified_gmt":"2025-10-07T15:17:19","slug":"preguntas-frecuentes","status":"publish","type":"page","link":"https:\/\/sansebastiancookingclasses.com\/es\/preguntas-frecuentes\/","title":{"rendered":"Preguntas frecuentes"},"content":{"rendered":"\n<p><strong>REQUISITOS ALIMENTARIOS <\/strong><\/p>\n\n<p><strong>Soy vegetariano \u00bfPuedo unirme a la clase?<\/strong> \u00a1Respetamos totalmente a los vegetarianos! Dicho esto, nuestras clases se basan en la cocina vasca, donde el pescado y la carne son clave junto con nuestras incre\u00edbles verduras locales. El men\u00fa es fijo, por lo que no podemos adaptarlo a los requisitos vegetarianos. Sin embargo, eres bienvenido a unirte para aprender t\u00e9cnicas y ser parte de la experiencia.<\/p>\n\n<p><strong>Opciones veganas, \u00bfofrec\u00e9is alguna?<\/strong><br\/>Desafortunadamente, el formato de nuestra clase no nos permite adaptar el men\u00fa para dietas veganas.<\/p>\n\n<p><strong>Soy cel\u00edaco, \u00bfpuedo unirme a la clase?<\/strong><br\/>\u00a1S\u00ed! Este men\u00fa de clase no contiene gluten, por lo que eres m\u00e1s que bienvenido a unirte.<\/p>\n\n<p><strong>C\u00d3MO FUNCIONAN LAS CLASES<\/strong><\/p>\n\n<p><strong>\u00bfCu\u00e1l es el punto de encuentro para la experiencia?<\/strong><br\/>Nuestro chef te recibir\u00e1 en la entrada del Mercado de la Bretxa. Una vez que se confirmen las reservas, te enviaremos el enlace exacto al punto de encuentro.<\/p>\n\n<p><strong>\u00bfQu\u00e9 debo traer a clase?<\/strong><br\/>Nada en absoluto, te proporcionaremos el delantal y todo lo que necesites.<\/p>\n\n<p><strong>Soy un cocinillas, \u00bfesta clase es demasiado tur\u00edstica para m\u00ed?<\/strong><br\/>\u00a1No te preocupes! Incluso si te encanta cocinar, estamos seguros de que a\u00fan no conoces los secretos de la cocina vasca que compartiremos contigo. Estas clases est\u00e1n dise\u00f1adas para cualquier persona que quiera disfrutar de una experiencia divertida y \u00fanica en San Sebasti\u00e1n.<\/p>\n\n<p><strong>No tengo ni idea de c\u00f3mo cocinar, \u00bfme sentir\u00e9 perdido en clase?<\/strong><br\/>\u00a1No te preocupes! \u00bfEres especialista? No. Tampoco esperamos que lo seas. Nos aseguraremos de que aprendas y te diviertas a partes iguales, y disfrutes de una deliciosa comida por el camino. Con nosotros, no existe tal cosa como una pregunta tonta.<\/p>\n\n<p><strong>\u00bfPueden unirse ni\u00f1os?<\/strong><br\/>La edad m\u00ednima es de <strong>14<\/strong> a\u00f1os acompa\u00f1ado de un adulto. Para asistir solo, la edad m\u00ednima es de <strong>18<\/strong> a\u00f1os.<\/p>\n\n<p><strong>RESERVAS Y CANCELACIONES<\/strong><\/p>\n\n<p><strong>\u00bfMi clase alcanzar\u00e1 el n\u00famero m\u00ednimo de participantes?<\/strong><br\/>Si el grupo no alcanza el m\u00ednimo de cuatro personas, nuestro equipo de reservas se pondr\u00e1 en contacto contigo <strong>con 48 horas de antelaci\u00f3n<\/strong> para ofrecerte diferentes alternativas. Si en alg\u00fan momento deseas verificar el estado de tu clase, env\u00edanos un correo electr\u00f3nico a <strong>\n  <a>info@sansebastiancookingclasses.com<\/a>\n<\/strong>.<\/p>\n\n<p><strong>\u00bfC\u00f3mo puedo cancelar mi reserva?<\/strong><br\/>Env\u00edanos un correo electr\u00f3nico a <strong><a>info@sansebastiancookingclasses.com<\/a><\/strong>.<\/p>\n\n<p><strong>\u00bfC\u00f3mo puedo cancelar mi reserva?<\/strong><br\/>Env\u00edanos un correo electr\u00f3nico a <strong><a>info@sansebastiancookingclasses.com<\/a><\/strong>. Los t\u00e9rminos de la reserva son los siguientes:<br\/>\u2013 <strong>Hasta 2 semanas antes<\/strong>: Reembolso completo o vale sin caducidad. <strong>Hasta 48 horas antes<\/strong>: Cargo por cancelaci\u00f3n del 30%, pero a\u00fan puedes obtener un vale o reprogramar.<br\/>\u2013<strong>Menos de 48 horas antes<\/strong>: Sin reembolso.<\/p>\n\n<p><strong>Necesito cambiar mi fecha.<\/strong><br\/>No hay problema, env\u00eda un correo electr\u00f3nico a <strong><a>info@sansebastiancookingclasses.com<\/a><\/strong>.<\/p>\n\n<p><strong>Reserv\u00e9 online pero no recib\u00ed un correo electr\u00f3nico de confirmaci\u00f3n.<\/strong><br\/>Por favor, env\u00eda un correo electr\u00f3nico a <strong><a>info@sansebastiancookingclasses.com<\/a><\/strong> y te ayudaremos de inmediato.<\/p>\n\n<p><strong>Hubo un error durante el pago, \u00bfse confirm\u00f3 mi reserva?<\/strong><br\/>Primero, consulta con tu banco si el pago se realiz\u00f3 correctamente. Si no est\u00e1s seguro, env\u00edanos un correo electr\u00f3nico a <strong>\n  <a>info@sansebastiancookingclasses.com<\/a>\n<\/strong> y te lo confirmaremos.<\/p>\n\n<p><\/p>\n","protected":false},"excerpt":{"rendered":"<p>REQUISITOS ALIMENTARIOS Soy vegetariano \u00bfPuedo unirme a la clase? \u00a1Respetamos totalmente a los vegetarianos! Dicho esto, nuestras clases se basan en la cocina vasca, donde el pescado y la carne son clave junto con nuestras incre\u00edbles verduras locales. El men\u00fa es fijo, por lo que no podemos adaptarlo a los requisitos vegetarianos. Sin embargo, eres &hellip; <\/p>\n<p class=\"link-more\"><a href=\"https:\/\/sansebastiancookingclasses.com\/es\/preguntas-frecuentes\/\" class=\"more-link\">Leer m\u00e1s<span class=\"screen-reader-text\"> \u00abPreguntas frecuentes\u00bb<\/span><\/a><\/p>\n","protected":false},"author":1,"featured_media":0,"parent":0,"menu_order":0,"comment_status":"closed","ping_status":"closed","template":"","meta":{"om_disable_all_campaigns":false,"_uag_custom_page_level_css":"","_monsterinsights_skip_tracking":false,"_monsterinsights_sitenote_active":false,"_monsterinsights_sitenote_note":"","_monsterinsights_sitenote_category":0,"footnotes":""},"class_list":["post-2072","page","type-page","status-publish","hentry"],"aioseo_notices":[],"uagb_featured_image_src":{"full":false,"thumbnail":false,"medium":false,"medium_large":false,"large":false,"1536x1536":false,"2048x2048":false,"inspiro-featured-image":false,"inspiro-loop":false,"inspiro-loop@2x":false,"woocommerce_thumbnail":false,"woocommerce_single":false,"woocommerce_gallery_thumbnail":false},"uagb_author_info":{"display_name":"Lara Ibiricu","author_link":"https:\/\/sansebastiancookingclasses.com\/es\/author\/infomimo-eus\/"},"uagb_comment_info":0,"uagb_excerpt":"REQUISITOS ALIMENTARIOS Soy vegetariano \u00bfPuedo unirme a la clase? \u00a1Respetamos totalmente a los vegetarianos! Dicho esto, nuestras clases se basan en la cocina vasca, donde el pescado y la carne son clave junto con nuestras incre\u00edbles verduras locales. El men\u00fa es fijo, por lo que no podemos adaptarlo a los requisitos vegetarianos. Sin embargo, eres&hellip;","_links":{"self":[{"href":"https:\/\/sansebastiancookingclasses.com\/es\/wp-json\/wp\/v2\/pages\/2072","targetHints":{"allow":["GET"]}}],"collection":[{"href":"https:\/\/sansebastiancookingclasses.com\/es\/wp-json\/wp\/v2\/pages"}],"about":[{"href":"https:\/\/sansebastiancookingclasses.com\/es\/wp-json\/wp\/v2\/types\/page"}],"author":[{"embeddable":true,"href":"https:\/\/sansebastiancookingclasses.com\/es\/wp-json\/wp\/v2\/users\/1"}],"replies":[{"embeddable":true,"href":"https:\/\/sansebastiancookingclasses.com\/es\/wp-json\/wp\/v2\/comments?post=2072"}],"version-history":[{"count":1,"href":"https:\/\/sansebastiancookingclasses.com\/es\/wp-json\/wp\/v2\/pages\/2072\/revisions"}],"predecessor-version":[{"id":2073,"href":"https:\/\/sansebastiancookingclasses.com\/es\/wp-json\/wp\/v2\/pages\/2072\/revisions\/2073"}],"wp:attachment":[{"href":"https:\/\/sansebastiancookingclasses.com\/es\/wp-json\/wp\/v2\/media?parent=2072"}],"curies":[{"name":"wp","href":"https:\/\/api.w.org\/{rel}","templated":true}]}}